{"id":130,"date":"2025-10-14T10:02:14","date_gmt":"2025-10-14T10:02:14","guid":{"rendered":"https:\/\/gmu1.wpenginepowered.com\/index\/"},"modified":"2025-10-14T10:16:09","modified_gmt":"2025-10-14T10:16:09","slug":"index","status":"publish","type":"page","link":"https:\/\/gmu.online\/fr\/","title":{"rendered":"Accueil"},"content":{"rendered":"","protected":false},"excerpt":{"rendered":"","protected":false},"author":2,"featured_media":0,"parent":0,"menu_order":0,"comment_status":"closed","ping_status":"closed","template":"","meta":{"footnotes":""},"class_list":["post-130","page","type-page","status-publish","hentry"],"yoast_head":"<!-- This site is optimized with the Yoast SEO plugin v26.6 - https:\/\/yoast.com\/wordpress\/plugins\/seo\/ -->\n<title>\u2705 Digital Marketing 900%+ Return<\/title>\n<meta name=\"description\" content=\"High Performance Digital Marketing |Are you running with your marketing strategy below 900% return? | Grow Faster with a Higher Return\" \/>\n<meta name=\"robots\" content=\"index, follow, max-snippet:-1, max-image-preview:large, max-video-preview:-1\" \/>\n<link rel=\"canonical\" href=\"https:\/\/gmu.online\/fr\/\" \/>\n<meta property=\"og:locale\" content=\"fr_FR\" \/>\n<meta property=\"og:type\" content=\"article\" \/>\n<meta property=\"og:title\" content=\"\u2705 Digital Marketing 900%+ Return\" \/>\n<meta property=\"og:description\" content=\"High Performance Digital Marketing |Are you running with your marketing strategy below 900% return? | Grow Faster with a Higher Return\" \/>\n<meta property=\"og:url\" content=\"https:\/\/gmu.online\/fr\/\" \/>\n<meta property=\"og:site_name\" content=\"GMU Online\" \/>\n<meta property=\"article:modified_time\" content=\"2025-10-14T10:16:09+00:00\" \/>\n<meta name=\"twitter:card\" content=\"summary_large_image\" \/>\n<script type=\"application\/ld+json\" class=\"yoast-schema-graph\">{\"@context\":\"https:\/\/schema.org\",\"@graph\":[{\"@type\":\"WebPage\",\"@id\":\"https:\/\/gmu.online\/\",\"url\":\"https:\/\/gmu.online\/\",\"name\":\"\u2705 Digital Marketing 900%+ Return\",\"isPartOf\":{\"@id\":\"https:\/\/gmu.online\/#website\"},\"datePublished\":\"2025-10-14T10:02:14+00:00\",\"dateModified\":\"2025-10-14T10:16:09+00:00\",\"description\":\"High Performance Digital Marketing |Are you running with your marketing strategy below 900% return? | Grow Faster with a Higher Return\",\"breadcrumb\":{\"@id\":\"https:\/\/gmu.online\/#breadcrumb\"},\"inLanguage\":\"fr-FR\",\"potentialAction\":[{\"@type\":\"ReadAction\",\"target\":[\"https:\/\/gmu.online\/\"]}]},{\"@type\":\"BreadcrumbList\",\"@id\":\"https:\/\/gmu.online\/#breadcrumb\",\"itemListElement\":[{\"@type\":\"ListItem\",\"position\":1,\"name\":\"Home\",\"item\":\"https:\/\/gmu.online\/\"},{\"@type\":\"ListItem\",\"position\":2,\"name\":\"Home\"}]},{\"@type\":\"WebSite\",\"@id\":\"https:\/\/gmu.online\/#website\",\"url\":\"https:\/\/gmu.online\/\",\"name\":\"GMU Online\",\"description\":\"Performance marketingbureau\",\"potentialAction\":[{\"@type\":\"SearchAction\",\"target\":{\"@type\":\"EntryPoint\",\"urlTemplate\":\"https:\/\/gmu.online\/?s={search_term_string}\"},\"query-input\":{\"@type\":\"PropertyValueSpecification\",\"valueRequired\":true,\"valueName\":\"search_term_string\"}}],\"inLanguage\":\"fr-FR\"}]}<\/script>\n<!-- \/ Yoast SEO plugin. -->","yoast_head_json":{"title":"\u2705 Digital Marketing 900%+ Return","description":"High Performance Digital Marketing |Vous utilisez votre strat\u00e9gie marketing avec un rendement inf\u00e9rieur \u00e0 900% ? | Cro\u00eetre plus vite avec un rendement plus \u00e9lev\u00e9","robots":{"index":"index","follow":"follow","max-snippet":"max-snippet:-1","max-image-preview":"max-image-preview:large","max-video-preview":"max-video-preview:-1"},"canonical":"https:\/\/gmu.online\/fr\/","og_locale":"fr_FR","og_type":"article","og_title":"\u2705 Digital Marketing 900%+ Return","og_description":"High Performance Digital Marketing |Are you running with your marketing strategy below 900% return? | Grow Faster with a Higher Return","og_url":"https:\/\/gmu.online\/fr\/","og_site_name":"GMU Online","article_modified_time":"2025-10-14T10:16:09+00:00","twitter_card":"summary_large_image","schema":{"@context":"https:\/\/schema.org","@graph":[{"@type":"WebPage","@id":"https:\/\/gmu.online\/","url":"https:\/\/gmu.online\/","name":"\u2705 Digital Marketing 900%+ Return","isPartOf":{"@id":"https:\/\/gmu.online\/#website"},"datePublished":"2025-10-14T10:02:14+00:00","dateModified":"2025-10-14T10:16:09+00:00","description":"High Performance Digital Marketing |Vous utilisez votre strat\u00e9gie marketing avec un rendement inf\u00e9rieur \u00e0 900% ? | Cro\u00eetre plus vite avec un rendement plus \u00e9lev\u00e9","breadcrumb":{"@id":"https:\/\/gmu.online\/#breadcrumb"},"inLanguage":"fr-FR","potentialAction":[{"@type":"ReadAction","target":["https:\/\/gmu.online\/"]}]},{"@type":"BreadcrumbList","@id":"https:\/\/gmu.online\/#breadcrumb","itemListElement":[{"@type":"ListItem","position":1,"name":"Home","item":"https:\/\/gmu.online\/"},{"@type":"ListItem","position":2,"name":"Home"}]},{"@type":"WebSite","@id":"https:\/\/gmu.online\/#website","url":"https:\/\/gmu.online\/","name":"GMU en ligne","description":"Agence de marketing de performance","potentialAction":[{"@type":"SearchAction","target":{"@type":"EntryPoint","urlTemplate":"https:\/\/gmu.online\/?s={search_term_string}"},"query-input":{"@type":"PropertyValueSpecification","valueRequired":true,"valueName":"search_term_string"}}],"inLanguage":"fr-FR"}]}},"featured_image_src":null,"featured_image_src_square":null,"_links":{"self":[{"href":"https:\/\/gmu.online\/fr\/wp-json\/wp\/v2\/pages\/130","targetHints":{"allow":["GET"]}}],"collection":[{"href":"https:\/\/gmu.online\/fr\/wp-json\/wp\/v2\/pages"}],"about":[{"href":"https:\/\/gmu.online\/fr\/wp-json\/wp\/v2\/types\/page"}],"author":[{"embeddable":true,"href":"https:\/\/gmu.online\/fr\/wp-json\/wp\/v2\/users\/2"}],"replies":[{"embeddable":true,"href":"https:\/\/gmu.online\/fr\/wp-json\/wp\/v2\/comments?post=130"}],"version-history":[{"count":0,"href":"https:\/\/gmu.online\/fr\/wp-json\/wp\/v2\/pages\/130\/revisions"}],"wp:attachment":[{"href":"https:\/\/gmu.online\/fr\/wp-json\/wp\/v2\/media?parent=130"}],"curies":[{"name":"wp","href":"https:\/\/api.w.org\/{rel}","templated":true}]}}